{"id":158,"date":"2016-05-25T12:17:53","date_gmt":"2016-05-25T12:17:53","guid":{"rendered":"https:\/\/wpsetups.com\/demo-heros\/?page_id=158"},"modified":"2025-05-19T20:04:53","modified_gmt":"2025-05-19T20:04:53","slug":"kontakt-f","status":"publish","type":"page","link":"https:\/\/herosplus.hr\/upravljanje-zgradama\/kontakt-f\/","title":{"rendered":"KONTAKT UPRAVLJANJE ZGRADAMA"},"content":{"rendered":"<div  id=\"video-background-1\" class=\"ui--video-background-wrapper fullwidth-content clearfix\" style=\"margin-top: -30px;  margin-bottom: -12px;\"><div class=\"ui--video-background-holder\"><div  class=\"ui--video-background-video hidden-phone \"><\/div><div  class=\"ui--video-background\"><div class=\"ui--gradient\"><\/div><\/div><\/div><div  class=\"ui--section-content container clearfix\"><div class=\"ui-row row\">\n <div   class=\"ui-column span6\"><div  class=\"ui--animation-in make--fx--caption-bottom ui--pass clearfix\" data-fx=\"fx--caption-bottom\" data-delay=\"150\" data-start-delay=\"0\"><div class=\"auto-format ui--animation\"><p><strong>HEROS PLUS d.o.o.<\/strong>,<br \/>\n<strong>Mike Tripala 10, Split,<\/strong><br \/>\n<strong>OIB:<\/strong> 35214648480, <strong>MBS:<\/strong> 060339532<br \/>\nOsnovano pri Trgova\u010dkom sudu u Splitu, pod brojem Tt-15\/9051-6<br \/>\nTemeljni kapital iznosi 20.000,00 kn i upla\u0107en je u cijelosti<br \/>\n\u010clanovi uprave: Goran Vukovi\u0107 i Mario Perkovi\u0107<br \/>\n<strong>IBAN:<\/strong> HR1923900011100961363<br \/>\nBanka: Hrvatska po\u0161tanska banka d.d.<br \/>\nTuristi\u010dka agencija<br \/>\nID KOD: HR-AB-21-060339532<\/p>\n<\/div><div class=\"ui--title ui--animation ui--title-bordered text-left\"><div class=\"ui--title-holder\"><h3 class=\"ui--title-text\"><strong>Kontakt obrazac<\/strong><\/h3><div class=\"ui--title-borders ui--title-border-left\"><\/div><div class=\"ui--title-borders ui--title-border-right\"><\/div><\/div><\/div>\n<div class=\"wpcf7 no-js\" id=\"wpcf7-f157-o1\" lang=\"hr\" dir=\"ltr\" data-wpcf7-id=\"157\">\n<div class=\"screen-reader-response\"><p role=\"status\" aria-live=\"polite\" aria-atomic=\"true\"><\/p> <ul><\/ul><\/div>\n<form action=\"\/upravljanje-zgradama\/wp-json\/wp\/v2\/pages\/158#wpcf7-f157-o1\" method=\"post\" class=\"wpcf7-form init\" aria-label=\"Kontakt obrazac\" novalidate=\"novalidate\" data-status=\"init\">\n<fieldset class=\"hidden-fields-container\"><input type=\"hidden\" name=\"_wpcf7\" value=\"157\" \/><input type=\"hidden\" name=\"_wpcf7_version\" value=\"6.1.3\" \/><input type=\"hidden\" name=\"_wpcf7_locale\" value=\"hr\" \/><input type=\"hidden\" name=\"_wpcf7_unit_tag\" value=\"wpcf7-f157-o1\" \/><input type=\"hidden\" name=\"_wpcf7_container_post\" value=\"0\" \/><input type=\"hidden\" name=\"_wpcf7_posted_data_hash\" value=\"\" \/><input type=\"hidden\" name=\"_wpcf7_recaptcha_response\" value=\"\" \/>\n<\/fieldset>\n<p>Va\u0161e ime (obavezno)\n<\/p>\n<p><span class=\"wpcf7-form-control-wrap\" data-name=\"your-name\"><input size=\"40\" maxlength=\"400\" class=\"wpcf7-form-control wpcf7-text wpcf7-validates-as-required\" aria-required=\"true\" aria-invalid=\"false\" value=\"\" type=\"text\" name=\"your-name\" \/><\/span>\n<\/p>\n<p>Va\u0161a e-po\u0161ta (obavezno)\n<\/p>\n<p><span class=\"wpcf7-form-control-wrap\" data-name=\"your-email\"><input size=\"40\" maxlength=\"400\" class=\"wpcf7-form-control wpcf7-email wpcf7-validates-as-required wpcf7-text wpcf7-validates-as-email\" aria-required=\"true\" aria-invalid=\"false\" value=\"\" type=\"email\" name=\"your-email\" \/><\/span>\n<\/p>\n<p>Predmet\n<\/p>\n<p><span class=\"wpcf7-form-control-wrap\" data-name=\"your-subject\"><input size=\"40\" maxlength=\"400\" class=\"wpcf7-form-control wpcf7-text\" aria-invalid=\"false\" value=\"\" type=\"text\" name=\"your-subject\" \/><\/span>\n<\/p>\n<p>Va\u0161a poruka\n<\/p>\n<p><span class=\"wpcf7-form-control-wrap\" data-name=\"your-message\"><textarea cols=\"40\" rows=\"10\" maxlength=\"2000\" class=\"wpcf7-form-control wpcf7-textarea\" aria-invalid=\"false\" name=\"your-message\"><\/textarea><\/span>\n<\/p>\n<p><span class=\"wpcf7-form-control-wrap\" data-name=\"acceptance-817\"><span class=\"wpcf7-form-control wpcf7-acceptance\"><span class=\"wpcf7-list-item\"><label><input type=\"checkbox\" name=\"acceptance-817\" value=\"1\" aria-invalid=\"false\" \/><span class=\"wpcf7-list-item-label\">Kori\u0161tenjem ovog formulara se sla\u017eete sa navedenim u <a href=\"https:\/\/herosplus.hr\/upravljanje-zgradama\/izjava-o-privatnosti\/\">Izjavi o privatnosti<\/a><\/span><\/label><\/span><\/span><\/span>\n<\/p>\n<p><input class=\"wpcf7-form-control wpcf7-submit has-spinner\" type=\"submit\" value=\"Po\u0161alji\" \/>\n<\/p><div class=\"wpcf7-response-output\" aria-hidden=\"true\"><\/div>\n<\/form>\n<\/div>\n<\/div><\/div> \n\n <div   class=\"ui-column span6\"><div  class=\"ui--animation-in make--fx--caption-right ui--pass clearfix\" data-fx=\"fx--caption-right\" data-delay=\"150\" data-start-delay=\"0\"><div class=\"ui--image-wrap clearfix\"><img decoding=\"async\"  id=\"ui--image-1\" class=\"ui--image ui--animation\" src=\"https:\/\/herosplus.hr\/upravljanje-zgradama\/wp-content\/uploads\/2018\/11\/Heros-Split-lokacija_1.jpg\" alt=\"heros plus upravljanje zgradama\" title=\"Heros-Split-lokacija_1\" data-at2x=\"\"\/><\/div><div class=\"ui--title ui--animation ui--title-bordered text-left\"><div class=\"ui--title-holder\"><h3 class=\"ui--title-text\"><strong>Lokacija<\/strong><\/h3><div class=\"ui--title-borders ui--title-border-left\"><\/div><div class=\"ui--title-borders ui--title-border-right\"><\/div><\/div><\/div>\r\n\t\t\t<div class=\"gmap-wrapper ui--animation clearfix\" style=\"height: 200px;\">\r\n\t\t\t\t<div class=\"gmap-wrap-holder\" style=\"height: 200px;\"><\/div>\r\n\t\t\t\t<div id=\"gmap-KtD3\" class=\"gmap clearfix\" style=\"height: 200px;\" data-gmap-options=\"{&quot;zoom&quot;:16,&quot;maptype&quot;:&quot;ROADMAP&quot;,&quot;doubleclickzoom&quot;:true,&quot;scrollwheel&quot;:true,&quot;address&quot;:&quot;&quot;,&quot;latitude&quot;:0,&quot;longitude&quot;:0,&quot;markers&quot;:[{&quot;html&quot;:&quot;&lt;p&gt;Heros Plus&lt;\\\/p&gt;\\n&quot;,&quot;address&quot;:&quot;&quot;,&quot;latitude&quot;:43.5205959999999976162143866531550884246826171875,&quot;longitude&quot;:16.445952999999999377678250311873853206634521484375,&quot;popup&quot;:true}],&quot;controls&quot;:false,&quot;stylers&quot;:[]}\"><\/div>\r\n\t\t\t\t\r\n\t\t\t<\/div>\r\n\t\t\t<div  class=\"ui--space clearfix\" data-responsive=\"{&quot;css&quot;:{&quot;height&quot;:{&quot;phone&quot;:null,&quot;tablet&quot;:null,&quot;widescreen&quot;:null}}}\"><\/div><div class=\"ui--title ui--animation ui--title-bordered text-left\"><div class=\"ui--title-holder\"><h3 class=\"ui--title-text\">Kontakt i osnovni podaci<\/h3><div class=\"ui--title-borders ui--title-border-left\"><\/div><div class=\"ui--title-borders ui--title-border-right\"><\/div><\/div><\/div><div class=\"auto-format ui--animation\"><p><strong>Heros Plus d.o.o.<\/strong><br \/>\n<i class=\"ui--icon icomoon-home-4\" style=\"margin-right: 5px;\"><\/i><strong>Adresa:<\/strong> Mike Tripala 10, Split<br \/>\n<i class=\"ui--icon icomoon-clock\" style=\"margin-right: 5px;\"><\/i> <strong>Radno vrijeme:<\/strong> ponedjeljak \u2013 petak, 08 \u2013 16h<br \/>\n<i class=\"ui--icon fontawesome-phone\" style=\"margin-right: 5px;\"><\/i><strong>Telefon (centrala):<\/strong><a href=\"tel:++38521680898\"> 021\/680-898<\/a><br \/>\n<i class=\"ui--icon icomoon-mobile\" style=\"margin-right: 5px;\"><\/i><strong>Mobitel:<\/strong><a href=\"tel:++385958169064\"> 095\/816-9064<\/a><br \/>\n<strong><i class=\"ui--icon fontawesome-envelope-alt\" style=\"margin-right: 5px;\"><\/i>Mail:<\/strong> info@herosplus.hr<\/p>\n<p><strong>Direktor:<\/strong> Goran Vukovi\u0107<br \/>\n<strong><i class=\"ui--icon fontawesome-envelope-alt\" style=\"margin-right: 5px;\"><\/i>Mail:<\/strong> goran@herosplus.hr<\/p>\n<\/div><\/div><\/div> \n\n<\/div> \n<\/div><\/div>","protected":false},"excerpt":{"rendered":"<p>HEROS PLUS d.o.o., Mike Tripala 10, Split, OIB: 35214648480, MBS: 060339532 Osnovano pri Trgova\u010dkom sudu u Splitu, pod brojem Tt-15\/9051-6 Temeljni kapital iznosi 20.000,00 kn i upla\u0107en je u cijelosti \u010clanovi uprave: Goran Vukovi\u0107 i Mario Perkovi\u0107 IBAN: HR1923900011100961363 Banka: Hrvatska po\u0161tanska banka d.d. Turisti\u010dka agencija ID KOD: HR-AB-21-060339532 Kontakt obrazac Va\u0161e ime (obavezno) Va\u0161a [&hellip;]<\/p>\n","protected":false},"author":1,"featured_media":0,"parent":0,"menu_order":0,"comment_status":"closed","ping_status":"closed","template":"","meta":{"footnotes":""},"class_list":["post-158","page","type-page","status-publish","hentry"],"yoast_head":"<!-- This site is optimized with the Yoast SEO plugin v26.4 - https:\/\/yoast.com\/wordpress\/plugins\/seo\/ -->\n<title>HEROS Plus upravljanje zgradama i nekretninama | Kontakt<\/title>\n<meta name=\"description\" content=\"HEROS Plus upravljanje zgradama i nekretninama \u0161tede va\u0161e vrijeme i novac. Otkrijte za\u0161to imamo najpovoljnije cijene upravljanja zgradama i nekretninama.\" \/>\n<meta name=\"robots\" content=\"index, follow, max-snippet:-1, max-image-preview:large, max-video-preview:-1\" \/>\n<link rel=\"canonical\" href=\"https:\/\/herosplus.hr\/upravljanje-zgradama\/kontakt-f\/\" \/>\n<meta property=\"og:locale\" content=\"hr_HR\" \/>\n<meta property=\"og:type\" content=\"article\" \/>\n<meta property=\"og:title\" content=\"HEROS Plus upravljanje zgradama i nekretninama | Kontakt\" \/>\n<meta property=\"og:description\" content=\"HEROS Plus upravljanje zgradama i nekretninama \u0161tede va\u0161e vrijeme i novac. Otkrijte za\u0161to imamo najpovoljnije cijene upravljanja zgradama i nekretninama.\" \/>\n<meta property=\"og:url\" content=\"https:\/\/herosplus.hr\/upravljanje-zgradama\/kontakt-f\/\" \/>\n<meta property=\"og:site_name\" content=\"Heros Plus\" \/>\n<meta property=\"article:publisher\" content=\"https:\/\/www.facebook.com\/herosplus\/\" \/>\n<meta property=\"article:modified_time\" content=\"2025-05-19T20:04:53+00:00\" \/>\n<meta name=\"twitter:card\" content=\"summary_large_image\" \/>\n<script type=\"application\/ld+json\" class=\"yoast-schema-graph\">{\"@context\":\"https:\/\/schema.org\",\"@graph\":[{\"@type\":\"WebPage\",\"@id\":\"https:\/\/herosplus.hr\/upravljanje-zgradama\/kontakt-f\/\",\"url\":\"https:\/\/herosplus.hr\/upravljanje-zgradama\/kontakt-f\/\",\"name\":\"HEROS Plus upravljanje zgradama i nekretninama | Kontakt\",\"isPartOf\":{\"@id\":\"https:\/\/herosplus.hr\/upravljanje-zgradama\/#website\"},\"datePublished\":\"2016-05-25T12:17:53+00:00\",\"dateModified\":\"2025-05-19T20:04:53+00:00\",\"description\":\"HEROS Plus upravljanje zgradama i nekretninama \u0161tede va\u0161e vrijeme i novac. Otkrijte za\u0161to imamo najpovoljnije cijene upravljanja zgradama i nekretninama.\",\"breadcrumb\":{\"@id\":\"https:\/\/herosplus.hr\/upravljanje-zgradama\/kontakt-f\/#breadcrumb\"},\"inLanguage\":\"hr\",\"potentialAction\":[{\"@type\":\"ReadAction\",\"target\":[\"https:\/\/herosplus.hr\/upravljanje-zgradama\/kontakt-f\/\"]}]},{\"@type\":\"BreadcrumbList\",\"@id\":\"https:\/\/herosplus.hr\/upravljanje-zgradama\/kontakt-f\/#breadcrumb\",\"itemListElement\":[{\"@type\":\"ListItem\",\"position\":1,\"name\":\"Po\u010detna stranica\",\"item\":\"https:\/\/herosplus.hr\/upravljanje-zgradama\/\"},{\"@type\":\"ListItem\",\"position\":2,\"name\":\"KONTAKT UPRAVLJANJE ZGRADAMA\"}]},{\"@type\":\"WebSite\",\"@id\":\"https:\/\/herosplus.hr\/upravljanje-zgradama\/#website\",\"url\":\"https:\/\/herosplus.hr\/upravljanje-zgradama\/\",\"name\":\"Heros Plus\",\"description\":\"Property &amp; Facility Management\",\"potentialAction\":[{\"@type\":\"SearchAction\",\"target\":{\"@type\":\"EntryPoint\",\"urlTemplate\":\"https:\/\/herosplus.hr\/upravljanje-zgradama\/?s={search_term_string}\"},\"query-input\":{\"@type\":\"PropertyValueSpecification\",\"valueRequired\":true,\"valueName\":\"search_term_string\"}}],\"inLanguage\":\"hr\"}]}<\/script>\n<!-- \/ Yoast SEO plugin. -->","yoast_head_json":{"title":"HEROS Plus upravljanje zgradama i nekretninama | Kontakt","description":"HEROS Plus upravljanje zgradama i nekretninama \u0161tede va\u0161e vrijeme i novac. Otkrijte za\u0161to imamo najpovoljnije cijene upravljanja zgradama i nekretninama.","robots":{"index":"index","follow":"follow","max-snippet":"max-snippet:-1","max-image-preview":"max-image-preview:large","max-video-preview":"max-video-preview:-1"},"canonical":"https:\/\/herosplus.hr\/upravljanje-zgradama\/kontakt-f\/","og_locale":"hr_HR","og_type":"article","og_title":"HEROS Plus upravljanje zgradama i nekretninama | Kontakt","og_description":"HEROS Plus upravljanje zgradama i nekretninama \u0161tede va\u0161e vrijeme i novac. Otkrijte za\u0161to imamo najpovoljnije cijene upravljanja zgradama i nekretninama.","og_url":"https:\/\/herosplus.hr\/upravljanje-zgradama\/kontakt-f\/","og_site_name":"Heros Plus","article_publisher":"https:\/\/www.facebook.com\/herosplus\/","article_modified_time":"2025-05-19T20:04:53+00:00","twitter_card":"summary_large_image","schema":{"@context":"https:\/\/schema.org","@graph":[{"@type":"WebPage","@id":"https:\/\/herosplus.hr\/upravljanje-zgradama\/kontakt-f\/","url":"https:\/\/herosplus.hr\/upravljanje-zgradama\/kontakt-f\/","name":"HEROS Plus upravljanje zgradama i nekretninama | Kontakt","isPartOf":{"@id":"https:\/\/herosplus.hr\/upravljanje-zgradama\/#website"},"datePublished":"2016-05-25T12:17:53+00:00","dateModified":"2025-05-19T20:04:53+00:00","description":"HEROS Plus upravljanje zgradama i nekretninama \u0161tede va\u0161e vrijeme i novac. Otkrijte za\u0161to imamo najpovoljnije cijene upravljanja zgradama i nekretninama.","breadcrumb":{"@id":"https:\/\/herosplus.hr\/upravljanje-zgradama\/kontakt-f\/#breadcrumb"},"inLanguage":"hr","potentialAction":[{"@type":"ReadAction","target":["https:\/\/herosplus.hr\/upravljanje-zgradama\/kontakt-f\/"]}]},{"@type":"BreadcrumbList","@id":"https:\/\/herosplus.hr\/upravljanje-zgradama\/kontakt-f\/#breadcrumb","itemListElement":[{"@type":"ListItem","position":1,"name":"Po\u010detna stranica","item":"https:\/\/herosplus.hr\/upravljanje-zgradama\/"},{"@type":"ListItem","position":2,"name":"KONTAKT UPRAVLJANJE ZGRADAMA"}]},{"@type":"WebSite","@id":"https:\/\/herosplus.hr\/upravljanje-zgradama\/#website","url":"https:\/\/herosplus.hr\/upravljanje-zgradama\/","name":"Heros Plus","description":"Property &amp; Facility Management","potentialAction":[{"@type":"SearchAction","target":{"@type":"EntryPoint","urlTemplate":"https:\/\/herosplus.hr\/upravljanje-zgradama\/?s={search_term_string}"},"query-input":{"@type":"PropertyValueSpecification","valueRequired":true,"valueName":"search_term_string"}}],"inLanguage":"hr"}]}},"_links":{"self":[{"href":"https:\/\/herosplus.hr\/upravljanje-zgradama\/wp-json\/wp\/v2\/pages\/158","targetHints":{"allow":["GET"]}}],"collection":[{"href":"https:\/\/herosplus.hr\/upravljanje-zgradama\/wp-json\/wp\/v2\/pages"}],"about":[{"href":"https:\/\/herosplus.hr\/upravljanje-zgradama\/wp-json\/wp\/v2\/types\/page"}],"author":[{"embeddable":true,"href":"https:\/\/herosplus.hr\/upravljanje-zgradama\/wp-json\/wp\/v2\/users\/1"}],"replies":[{"embeddable":true,"href":"https:\/\/herosplus.hr\/upravljanje-zgradama\/wp-json\/wp\/v2\/comments?post=158"}],"version-history":[{"count":11,"href":"https:\/\/herosplus.hr\/upravljanje-zgradama\/wp-json\/wp\/v2\/pages\/158\/revisions"}],"predecessor-version":[{"id":3928,"href":"https:\/\/herosplus.hr\/upravljanje-zgradama\/wp-json\/wp\/v2\/pages\/158\/revisions\/3928"}],"wp:attachment":[{"href":"https:\/\/herosplus.hr\/upravljanje-zgradama\/wp-json\/wp\/v2\/media?parent=158"}],"curies":[{"name":"wp","href":"https:\/\/api.w.org\/{rel}","templated":true}]}}