{"id":194,"date":"2016-05-25T15:08:05","date_gmt":"2016-05-25T15:08:05","guid":{"rendered":"https:\/\/wpsetups.com\/demo-heros\/?page_id=194"},"modified":"2021-01-23T09:00:08","modified_gmt":"2021-01-23T09:00:08","slug":"ponuda-za-upravljanje","status":"publish","type":"page","link":"https:\/\/herosplus.hr\/upravljanje-zgradama\/ponuda-za-upravljanje\/","title":{"rendered":"Ponuda za upravljanje"},"content":{"rendered":"<div  class=\"fullwidth-content ui--section clearfix\"><div  class=\"ui--section-content\"><div class=\"container\"><div class=\"ui--title ui--animation ui--title-bordered text-left\"><div class=\"ui--title-holder\"><h1 class=\"ui--title-text\">Ponuda za upravljanje zgradama<\/h1><div class=\"ui--title-borders ui--title-border-left\"><\/div><div class=\"ui--title-borders ui--title-border-right\"><\/div><\/div><\/div>\n<div class=\"wpcf7 no-js\" id=\"wpcf7-f193-o1\" lang=\"hr\" dir=\"ltr\" data-wpcf7-id=\"193\">\n<div class=\"screen-reader-response\"><p role=\"status\" aria-live=\"polite\" aria-atomic=\"true\"><\/p> <ul><\/ul><\/div>\n<form action=\"\/upravljanje-zgradama\/wp-json\/wp\/v2\/pages\/194#wpcf7-f193-o1\" method=\"post\" class=\"wpcf7-form init\" aria-label=\"Kontakt obrazac\" novalidate=\"novalidate\" data-status=\"init\">\n<fieldset class=\"hidden-fields-container\"><input type=\"hidden\" name=\"_wpcf7\" value=\"193\" \/><input type=\"hidden\" name=\"_wpcf7_version\" value=\"6.1.3\" \/><input type=\"hidden\" name=\"_wpcf7_locale\" value=\"hr\" \/><input type=\"hidden\" name=\"_wpcf7_unit_tag\" value=\"wpcf7-f193-o1\" \/><input type=\"hidden\" name=\"_wpcf7_container_post\" value=\"0\" \/><input type=\"hidden\" name=\"_wpcf7_posted_data_hash\" value=\"\" \/><input type=\"hidden\" name=\"_wpcf7_recaptcha_response\" value=\"\" \/>\n<\/fieldset>\n<p>Upravljanje zgradama na\u0161im novim, boljim i efikasnijim modelom \u0161tede va\u0161e vrijeme i novac. Profesionalno\u0161\u0107u, ljubazno\u0161\u0107u i povoljnim cijenama zadr\u017eavamo vrijednost va\u0161ih nekretnina uz potpunu transparentnost i racionalnost poslovanja. Time vam omogu\u0107ujemo podizanje kvalitete stanovanja u va\u0161im nekretninama.\n<\/p>\n<p>Ime i prezime:\n<\/p>\n<p><span class=\"wpcf7-form-control-wrap\" data-name=\"your-name\"><input size=\"40\" maxlength=\"400\" class=\"wpcf7-form-control wpcf7-text wpcf7-validates-as-required\" aria-required=\"true\" aria-invalid=\"false\" value=\"\" type=\"text\" name=\"your-name\" \/><\/span>\n<\/p>\n<p>E-mail adresa:\n<\/p>\n<p><span class=\"wpcf7-form-control-wrap\" data-name=\"your-email\"><input size=\"40\" maxlength=\"400\" class=\"wpcf7-form-control wpcf7-email wpcf7-validates-as-required wpcf7-text wpcf7-validates-as-email\" aria-required=\"true\" aria-invalid=\"false\" value=\"\" type=\"email\" name=\"your-email\" \/><\/span>\n<\/p>\n<p>Kontakt telefon:\n<\/p>\n<p><span class=\"wpcf7-form-control-wrap\" data-name=\"jedan\"><input size=\"40\" maxlength=\"400\" class=\"wpcf7-form-control wpcf7-text wpcf7-validates-as-required\" aria-required=\"true\" aria-invalid=\"false\" value=\"\" type=\"text\" name=\"jedan\" \/><\/span>\n<\/p>\n<p>Podaci o zgradi za koju se tra\u017ei ponuda:\n<\/p>\n<p>Adresa zgrade:\n<\/p>\n<p><span class=\"wpcf7-form-control-wrap\" data-name=\"dva\"><input size=\"40\" maxlength=\"400\" class=\"wpcf7-form-control wpcf7-text wpcf7-validates-as-required\" aria-required=\"true\" aria-invalid=\"false\" value=\"\" type=\"text\" name=\"dva\" \/><\/span>\n<\/p>\n<p>Povr\u0161ina zgrade (m2):\n<\/p>\n<p><span class=\"wpcf7-form-control-wrap\" data-name=\"tri\"><input size=\"40\" maxlength=\"400\" class=\"wpcf7-form-control wpcf7-text wpcf7-validates-as-required\" aria-required=\"true\" aria-invalid=\"false\" value=\"\" type=\"text\" name=\"tri\" \/><\/span>\n<\/p>\n<p>Broj stanova:\n<\/p>\n<p><span class=\"wpcf7-form-control-wrap\" data-name=\"cetri\"><input size=\"40\" maxlength=\"400\" class=\"wpcf7-form-control wpcf7-text wpcf7-validates-as-required\" aria-required=\"true\" aria-invalid=\"false\" value=\"\" type=\"text\" name=\"cetri\" \/><\/span>\n<\/p>\n<p>Broj gara\u017ea:\n<\/p>\n<p><span class=\"wpcf7-form-control-wrap\" data-name=\"pet\"><input size=\"40\" maxlength=\"400\" class=\"wpcf7-form-control wpcf7-text wpcf7-validates-as-required\" aria-required=\"true\" aria-invalid=\"false\" value=\"\" type=\"text\" name=\"pet\" \/><\/span>\n<\/p>\n<p>Broj poslovnih prostora:\n<\/p>\n<p><span class=\"wpcf7-form-control-wrap\" data-name=\"sest\"><input size=\"40\" maxlength=\"400\" class=\"wpcf7-form-control wpcf7-text wpcf7-validates-as-required\" aria-required=\"true\" aria-invalid=\"false\" value=\"\" type=\"text\" name=\"sest\" \/><\/span>\n<\/p>\n<p>Pri\u010duva po m2:\n<\/p>\n<p><span class=\"wpcf7-form-control-wrap\" data-name=\"sedam\"><input size=\"40\" maxlength=\"400\" class=\"wpcf7-form-control wpcf7-text wpcf7-validates-as-required\" aria-required=\"true\" aria-invalid=\"false\" value=\"\" type=\"text\" name=\"sedam\" \/><\/span>\n<\/p>\n<p>Re\u017eijski tro\u0161kovi:\n<\/p>\n<p>\u010ci\u0161\u0107enje stubi\u0161ta:\n<\/p>\n<p><span class=\"wpcf7-form-control-wrap\" data-name=\"osam\"><input size=\"40\" maxlength=\"400\" class=\"wpcf7-form-control wpcf7-text wpcf7-validates-as-required\" aria-required=\"true\" aria-invalid=\"false\" value=\"\" type=\"text\" name=\"osam\" \/><\/span>kn\/mj\n<\/p>\n<p>Potro\u0161nja el. energije:\n<\/p>\n<p><span class=\"wpcf7-form-control-wrap\" data-name=\"devet\"><input size=\"40\" maxlength=\"400\" class=\"wpcf7-form-control wpcf7-text wpcf7-validates-as-required\" aria-required=\"true\" aria-invalid=\"false\" value=\"\" type=\"text\" name=\"devet\" \/><\/span>kn\/mj\n<\/p>\n<p>Naknada predstavniku:\n<\/p>\n<p><span class=\"wpcf7-form-control-wrap\" data-name=\"deset\"><input size=\"40\" maxlength=\"400\" class=\"wpcf7-form-control wpcf7-text wpcf7-validates-as-required\" aria-required=\"true\" aria-invalid=\"false\" value=\"\" type=\"text\" name=\"deset\" \/><\/span>kn\/mj\n<\/p>\n<p>Unesite rezultat<br \/>\n<span class=\"wpcf7-form-control-wrap\" data-name=\"quiz-174\"><label><span class=\"wpcf7-quiz-label\">476+1=?<\/span> <input size=\"40\" class=\"wpcf7-form-control wpcf7-quiz\" autocomplete=\"off\" aria-required=\"true\" aria-invalid=\"false\" type=\"text\" name=\"quiz-174\" \/><\/label><input type=\"hidden\" name=\"_wpcf7_quiz_answer_quiz-174\" value=\"9abe8e81f323ea8fbe3b28eec312acef\" \/><\/span>\n<\/p>\n<p><span class=\"wpcf7-form-control-wrap\" data-name=\"acceptance-817\"><span class=\"wpcf7-form-control wpcf7-acceptance\"><span class=\"wpcf7-list-item\"><label><input type=\"checkbox\" name=\"acceptance-817\" value=\"1\" aria-invalid=\"false\" \/><span class=\"wpcf7-list-item-label\">Kori\u0161tenjem ovog formulara se sla\u017eete sa navedenim u <a href=\"https:\/\/herosplus.hr\/upravljanje-zgradama\/izjava-o-privatnosti\/\">Izjavi o privatnosti<\/a><\/span><\/label><\/span><\/span><\/span>\n<\/p>\n<p><input class=\"wpcf7-form-control wpcf7-submit has-spinner\" type=\"submit\" value=\"Po\u0161alji\" \/>\n<\/p><div class=\"wpcf7-response-output\" aria-hidden=\"true\"><\/div>\n<\/form>\n<\/div>\n<\/div><\/div><\/div><!-- \/.fullwidth-container -->","protected":false},"excerpt":{"rendered":"<p>Ponuda za upravljanje zgradama Upravljanje zgradama na\u0161im novim, boljim i efikasnijim modelom \u0161tede va\u0161e vrijeme i novac. Profesionalno\u0161\u0107u, ljubazno\u0161\u0107u i povoljnim cijenama zadr\u017eavamo vrijednost va\u0161ih nekretnina uz potpunu transparentnost i racionalnost poslovanja. Time vam omogu\u0107ujemo podizanje kvalitete stanovanja u va\u0161im nekretninama. Ime i prezime: E-mail adresa: Kontakt telefon: Podaci o zgradi za koju se tra\u017ei [&hellip;]<\/p>\n","protected":false},"author":1,"featured_media":0,"parent":0,"menu_order":0,"comment_status":"closed","ping_status":"closed","template":"","meta":{"footnotes":""},"class_list":["post-194","page","type-page","status-publish","hentry"],"yoast_head":"<!-- This site is optimized with the Yoast SEO plugin v26.4 - https:\/\/yoast.com\/wordpress\/plugins\/seo\/ -->\n<title>Ponuda za upravljanje zgradama - Heros plus d.o.o. - Split<\/title>\n<meta name=\"description\" content=\"Nemate upravitelja zgrade ili ga \u017eelite promijeniti? Popunite obrazac i sti\u0107i \u0107e vam na\u0161a najbolja ponuda za upravljanje Va\u0161om zgradom.\" \/>\n<meta name=\"robots\" content=\"index, follow, max-snippet:-1, max-image-preview:large, max-video-preview:-1\" \/>\n<link rel=\"canonical\" href=\"https:\/\/herosplus.hr\/upravljanje-zgradama\/ponuda-za-upravljanje\/\" \/>\n<meta property=\"og:locale\" content=\"hr_HR\" \/>\n<meta property=\"og:type\" content=\"article\" \/>\n<meta property=\"og:title\" content=\"Ponuda za upravljanje zgradama - Heros plus d.o.o. - Split\" \/>\n<meta property=\"og:description\" content=\"Nemate upravitelja zgrade ili ga \u017eelite promijeniti? Popunite obrazac i sti\u0107i \u0107e vam na\u0161a najbolja ponuda za upravljanje Va\u0161om zgradom.\" \/>\n<meta property=\"og:url\" content=\"https:\/\/herosplus.hr\/upravljanje-zgradama\/ponuda-za-upravljanje\/\" \/>\n<meta property=\"og:site_name\" content=\"Heros Plus\" \/>\n<meta property=\"article:publisher\" content=\"https:\/\/www.facebook.com\/herosplus\/\" \/>\n<meta property=\"article:modified_time\" content=\"2021-01-23T09:00:08+00:00\" \/>\n<meta name=\"twitter:card\" content=\"summary_large_image\" \/>\n<script type=\"application\/ld+json\" class=\"yoast-schema-graph\">{\"@context\":\"https:\/\/schema.org\",\"@graph\":[{\"@type\":\"WebPage\",\"@id\":\"https:\/\/herosplus.hr\/upravljanje-zgradama\/ponuda-za-upravljanje\/\",\"url\":\"https:\/\/herosplus.hr\/upravljanje-zgradama\/ponuda-za-upravljanje\/\",\"name\":\"Ponuda za upravljanje zgradama - Heros plus d.o.o. - Split\",\"isPartOf\":{\"@id\":\"https:\/\/herosplus.hr\/upravljanje-zgradama\/#website\"},\"datePublished\":\"2016-05-25T15:08:05+00:00\",\"dateModified\":\"2021-01-23T09:00:08+00:00\",\"description\":\"Nemate upravitelja zgrade ili ga \u017eelite promijeniti? Popunite obrazac i sti\u0107i \u0107e vam na\u0161a najbolja ponuda za upravljanje Va\u0161om zgradom.\",\"breadcrumb\":{\"@id\":\"https:\/\/herosplus.hr\/upravljanje-zgradama\/ponuda-za-upravljanje\/#breadcrumb\"},\"inLanguage\":\"hr\",\"potentialAction\":[{\"@type\":\"ReadAction\",\"target\":[\"https:\/\/herosplus.hr\/upravljanje-zgradama\/ponuda-za-upravljanje\/\"]}]},{\"@type\":\"BreadcrumbList\",\"@id\":\"https:\/\/herosplus.hr\/upravljanje-zgradama\/ponuda-za-upravljanje\/#breadcrumb\",\"itemListElement\":[{\"@type\":\"ListItem\",\"position\":1,\"name\":\"Po\u010detna stranica\",\"item\":\"https:\/\/herosplus.hr\/upravljanje-zgradama\/\"},{\"@type\":\"ListItem\",\"position\":2,\"name\":\"Ponuda za upravljanje\"}]},{\"@type\":\"WebSite\",\"@id\":\"https:\/\/herosplus.hr\/upravljanje-zgradama\/#website\",\"url\":\"https:\/\/herosplus.hr\/upravljanje-zgradama\/\",\"name\":\"Heros Plus\",\"description\":\"Property &amp; Facility Management\",\"potentialAction\":[{\"@type\":\"SearchAction\",\"target\":{\"@type\":\"EntryPoint\",\"urlTemplate\":\"https:\/\/herosplus.hr\/upravljanje-zgradama\/?s={search_term_string}\"},\"query-input\":{\"@type\":\"PropertyValueSpecification\",\"valueRequired\":true,\"valueName\":\"search_term_string\"}}],\"inLanguage\":\"hr\"}]}<\/script>\n<!-- \/ Yoast SEO plugin. -->","yoast_head_json":{"title":"Ponuda za upravljanje zgradama - Heros plus d.o.o. - Split","description":"Nemate upravitelja zgrade ili ga \u017eelite promijeniti? Popunite obrazac i sti\u0107i \u0107e vam na\u0161a najbolja ponuda za upravljanje Va\u0161om zgradom.","robots":{"index":"index","follow":"follow","max-snippet":"max-snippet:-1","max-image-preview":"max-image-preview:large","max-video-preview":"max-video-preview:-1"},"canonical":"https:\/\/herosplus.hr\/upravljanje-zgradama\/ponuda-za-upravljanje\/","og_locale":"hr_HR","og_type":"article","og_title":"Ponuda za upravljanje zgradama - Heros plus d.o.o. - Split","og_description":"Nemate upravitelja zgrade ili ga \u017eelite promijeniti? Popunite obrazac i sti\u0107i \u0107e vam na\u0161a najbolja ponuda za upravljanje Va\u0161om zgradom.","og_url":"https:\/\/herosplus.hr\/upravljanje-zgradama\/ponuda-za-upravljanje\/","og_site_name":"Heros Plus","article_publisher":"https:\/\/www.facebook.com\/herosplus\/","article_modified_time":"2021-01-23T09:00:08+00:00","twitter_card":"summary_large_image","schema":{"@context":"https:\/\/schema.org","@graph":[{"@type":"WebPage","@id":"https:\/\/herosplus.hr\/upravljanje-zgradama\/ponuda-za-upravljanje\/","url":"https:\/\/herosplus.hr\/upravljanje-zgradama\/ponuda-za-upravljanje\/","name":"Ponuda za upravljanje zgradama - Heros plus d.o.o. - Split","isPartOf":{"@id":"https:\/\/herosplus.hr\/upravljanje-zgradama\/#website"},"datePublished":"2016-05-25T15:08:05+00:00","dateModified":"2021-01-23T09:00:08+00:00","description":"Nemate upravitelja zgrade ili ga \u017eelite promijeniti? Popunite obrazac i sti\u0107i \u0107e vam na\u0161a najbolja ponuda za upravljanje Va\u0161om zgradom.","breadcrumb":{"@id":"https:\/\/herosplus.hr\/upravljanje-zgradama\/ponuda-za-upravljanje\/#breadcrumb"},"inLanguage":"hr","potentialAction":[{"@type":"ReadAction","target":["https:\/\/herosplus.hr\/upravljanje-zgradama\/ponuda-za-upravljanje\/"]}]},{"@type":"BreadcrumbList","@id":"https:\/\/herosplus.hr\/upravljanje-zgradama\/ponuda-za-upravljanje\/#breadcrumb","itemListElement":[{"@type":"ListItem","position":1,"name":"Po\u010detna stranica","item":"https:\/\/herosplus.hr\/upravljanje-zgradama\/"},{"@type":"ListItem","position":2,"name":"Ponuda za upravljanje"}]},{"@type":"WebSite","@id":"https:\/\/herosplus.hr\/upravljanje-zgradama\/#website","url":"https:\/\/herosplus.hr\/upravljanje-zgradama\/","name":"Heros Plus","description":"Property &amp; Facility Management","potentialAction":[{"@type":"SearchAction","target":{"@type":"EntryPoint","urlTemplate":"https:\/\/herosplus.hr\/upravljanje-zgradama\/?s={search_term_string}"},"query-input":{"@type":"PropertyValueSpecification","valueRequired":true,"valueName":"search_term_string"}}],"inLanguage":"hr"}]}},"_links":{"self":[{"href":"https:\/\/herosplus.hr\/upravljanje-zgradama\/wp-json\/wp\/v2\/pages\/194","targetHints":{"allow":["GET"]}}],"collection":[{"href":"https:\/\/herosplus.hr\/upravljanje-zgradama\/wp-json\/wp\/v2\/pages"}],"about":[{"href":"https:\/\/herosplus.hr\/upravljanje-zgradama\/wp-json\/wp\/v2\/types\/page"}],"author":[{"embeddable":true,"href":"https:\/\/herosplus.hr\/upravljanje-zgradama\/wp-json\/wp\/v2\/users\/1"}],"replies":[{"embeddable":true,"href":"https:\/\/herosplus.hr\/upravljanje-zgradama\/wp-json\/wp\/v2\/comments?post=194"}],"version-history":[{"count":2,"href":"https:\/\/herosplus.hr\/upravljanje-zgradama\/wp-json\/wp\/v2\/pages\/194\/revisions"}],"predecessor-version":[{"id":3886,"href":"https:\/\/herosplus.hr\/upravljanje-zgradama\/wp-json\/wp\/v2\/pages\/194\/revisions\/3886"}],"wp:attachment":[{"href":"https:\/\/herosplus.hr\/upravljanje-zgradama\/wp-json\/wp\/v2\/media?parent=194"}],"curies":[{"name":"wp","href":"https:\/\/api.w.org\/{rel}","templated":true}]}}